{"id":61,"date":"2020-01-23T18:21:52","date_gmt":"2020-01-23T18:21:52","guid":{"rendered":"https:\/\/demosites.io\/web-agency-gb\/?page_id=61"},"modified":"2024-02-20T22:05:44","modified_gmt":"2024-02-20T22:05:44","slug":"15c42-web-agency-gb-about-us","status":"publish","type":"page","link":"https:\/\/xn--psykologbrdsen-tib.no\/?page_id=61","title":{"rendered":"Om"},"content":{"rendered":"\n<div class=\"wp-block-cover alignfull\" style=\"min-height:58px;aspect-ratio:unset;\"><span aria-hidden=\"true\" class=\"wp-block-cover__background has-nv-site-bg-background-color has-background-dim-100 has-background-dim\"><\/span><div class=\"wp-block-cover__inner-container is-layout-flow wp-block-cover-is-layout-flow\">\n<div class=\"wp-block-group\"><div class=\"wp-block-group__inner-container is-layout-flow wp-block-group-is-layout-flow\">\n<h2 class=\"wp-block-heading has-text-align-left has-neve-text-color-color has-text-color\">Om meg<\/h2>\n<\/div><\/div>\n<\/div><\/div>\n\n\n\n<p>Jeg har bred erfaring med psykologisk behandling i m\u00f8te med b\u00e5de barn, voksne og familier. Jeg tilbyr behandling for de fleste vansker og utfordringer, blant annet nedstemthet\/depresjon, stress\/angst, utbrenthet, relasjonsvansker, kriser og traumer. I tillegg har jeg interesse og erfaring med livsstilsendring, samt veiledning av foreldre\/andre yrkesgrupper. Jeg er opptatt av \u00e5 m\u00f8te hver enkelt klient p\u00e5 en god og varm m\u00e5te. Jeg tilpasser behandlingen til den enkelte og benytter metodikk fra b\u00e5de kognitiv terapi, emosjonsfokusert terapi, traumebehandling og mindfulness. Noen har et klart m\u00e5l for hva de \u00f8nsker hjelp til, mens andre \u00f8nsker en endring uten at de kan sette fingeren p\u00e5 hva. Uansett hva som er tilfelle for deg \u00f8nsker jeg \u00e5 hjelpe deg til \u00e5 finne veien videre og finne frem til dine egne ressurser og m\u00e5l.<\/p>\n","protected":false},"excerpt":{"rendered":"<p>Jeg har bred erfaring med psykologisk behandling i m\u00f8te med b\u00e5de barn, voksne og familier. Jeg tilbyr behandling for de fleste vansker og utfordringer, blant annet nedstemthet\/depresjon, stress\/angst, utbrenthet, relasjonsvansker, kriser og traumer. I tillegg har jeg interesse og erfaring med livsstilsendring, samt veiledning av foreldre\/andre yrkesgrupper. Jeg er opptatt av \u00e5 m\u00f8te hver enkelt&hellip;&nbsp;<a href=\"https:\/\/xn--psykologbrdsen-tib.no\/?page_id=61\" rel=\"bookmark\">Les mer &raquo;<span class=\"screen-reader-text\">Om<\/span><\/a><\/p>\n","protected":false},"author":1,"featured_media":0,"parent":0,"menu_order":0,"comment_status":"closed","ping_status":"closed","template":"","meta":{"neve_meta_sidebar":"default","neve_meta_container":"default","neve_meta_enable_content_width":"on","neve_meta_content_width":100,"neve_meta_title_alignment":"","neve_meta_author_avatar":"","neve_post_elements_order":"","neve_meta_disable_header":"","neve_meta_disable_footer":"","neve_meta_disable_title":"on","_themeisle_gutenberg_block_has_review":false,"_ti_tpc_template_sync":false,"_ti_tpc_template_id":"eex7gnweb2m8vo93cr1g","footnotes":""},"class_list":["post-61","page","type-page","status-publish","hentry"],"_links":{"self":[{"href":"https:\/\/xn--psykologbrdsen-tib.no\/index.php?rest_route=\/wp\/v2\/pages\/61","targetHints":{"allow":["GET"]}}],"collection":[{"href":"https:\/\/xn--psykologbrdsen-tib.no\/index.php?rest_route=\/wp\/v2\/pages"}],"about":[{"href":"https:\/\/xn--psykologbrdsen-tib.no\/index.php?rest_route=\/wp\/v2\/types\/page"}],"author":[{"embeddable":true,"href":"https:\/\/xn--psykologbrdsen-tib.no\/index.php?rest_route=\/wp\/v2\/users\/1"}],"replies":[{"embeddable":true,"href":"https:\/\/xn--psykologbrdsen-tib.no\/index.php?rest_route=%2Fwp%2Fv2%2Fcomments&post=61"}],"version-history":[{"count":11,"href":"https:\/\/xn--psykologbrdsen-tib.no\/index.php?rest_route=\/wp\/v2\/pages\/61\/revisions"}],"predecessor-version":[{"id":403,"href":"https:\/\/xn--psykologbrdsen-tib.no\/index.php?rest_route=\/wp\/v2\/pages\/61\/revisions\/403"}],"wp:attachment":[{"href":"https:\/\/xn--psykologbrdsen-tib.no\/index.php?rest_route=%2Fwp%2Fv2%2Fmedia&parent=61"}],"curies":[{"name":"wp","href":"https:\/\/api.w.org\/{rel}","templated":true}]}}